{"id":5634,"date":"2026-04-14T12:14:17","date_gmt":"2026-04-14T10:14:17","guid":{"rendered":"https:\/\/destinationgermany.de\/?page_id=5634"},"modified":"2026-04-14T12:27:37","modified_gmt":"2026-04-14T10:27:37","slug":"success-story-koch-2","status":"publish","type":"page","link":"https:\/\/destinationgermany.de\/en\/success-story-koch-2\/","title":{"rendered":"Success Story Burger Industriewerk"},"content":{"rendered":"<div data-elementor-type=\"wp-page\" data-elementor-id=\"5634\" class=\"elementor elementor-5634\" data-elementor-post-type=\"page\">\n\t\t\t\t\t\t<section class=\"elementor-section elementor-top-section elementor-element elementor-element-864ca82 elementor-section-full_width elementor-section-height-default elementor-section-height-default\" data-id=\"864ca82\" data-element_type=\"section\" data-settings=\"{&quot;jet_parallax_layout_list&quot;:[]}\">\n\t\t\t\t\t\t<div class=\"elementor-container elementor-column-gap-no\">\n\t\t\t\t\t<div class=\"elementor-column elementor-col-100 elementor-top-column elementor-element elementor-element-b335105\" data-id=\"b335105\" data-element_type=\"column\" data-settings=\"{&quot;background_background&quot;:&quot;classic&quot;}\">\n\t\t\t<div class=\"elementor-widget-wrap elementor-element-populated\">\n\t\t\t\t\t\t<div class=\"elementor-element elementor-element-0e35807 elementor-widget elementor-widget-spacer\" data-id=\"0e35807\" data-element_type=\"widget\" data-widget_type=\"spacer.default\">\n\t\t\t\t<div class=\"elementor-widget-container\">\n\t\t\t\t\t\t\t<div class=\"elementor-spacer\">\n\t\t\t<div class=\"elementor-spacer-inner\"><\/div>\n\t\t<\/div>\n\t\t\t\t\t\t<\/div>\n\t\t\t\t<\/div>\n\t\t\t\t\t<\/div>\n\t\t<\/div>\n\t\t\t\t\t<\/div>\n\t\t<\/section>\n\t\t\t\t<section class=\"elementor-section elementor-top-section elementor-element elementor-element-a2a75e3 elementor-reverse-tablet elementor-reverse-mobile elementor-section-full_width elementor-section-height-default elementor-section-height-default\" data-id=\"a2a75e3\" data-element_type=\"section\" data-settings=\"{&quot;jet_parallax_layout_list&quot;:[]}\">\n\t\t\t\t\t\t<div class=\"elementor-container elementor-column-gap-no\">\n\t\t\t\t\t<div class=\"elementor-column elementor-col-100 elementor-top-column elementor-element elementor-element-7d8d7e5d\" data-id=\"7d8d7e5d\" data-element_type=\"column\" data-settings=\"{&quot;background_background&quot;:&quot;classic&quot;}\">\n\t\t\t<div class=\"elementor-widget-wrap elementor-element-populated\">\n\t\t\t\t\t\t<section class=\"elementor-section elementor-inner-section elementor-element elementor-element-1934b05 elementor-section-boxed elementor-section-height-default elementor-section-height-default\" data-id=\"1934b05\" data-element_type=\"section\" data-settings=\"{&quot;jet_parallax_layout_list&quot;:[]}\">\n\t\t\t\t\t\t<div class=\"elementor-container elementor-column-gap-no\">\n\t\t\t\t\t<div class=\"elementor-column elementor-col-100 elementor-inner-column elementor-element elementor-element-876ed0e\" data-id=\"876ed0e\" data-element_type=\"column\">\n\t\t\t<div class=\"elementor-widget-wrap elementor-element-populated\">\n\t\t\t\t\t\t<div class=\"elementor-element elementor-element-469509ec elementor-invisible elementor-widget elementor-widget-heading\" data-id=\"469509ec\" data-element_type=\"widget\" data-settings=\"{&quot;_animation&quot;:&quot;fadeInUp&quot;,&quot;_animation_delay&quot;:200}\" data-widget_type=\"heading.default\">\n\t\t\t\t<div class=\"elementor-widget-container\">\n\t\t\t\t\t<h2 class=\"elementor-heading-title elementor-size-default\">CNC-Fachkr\u00e4fte f\u00fcr <span style=\"color:#41A7E4\">Burger Industriewerk<\/span> erfolgreich besetzt\n<\/h2>\t\t\t\t<\/div>\n\t\t\t\t<\/div>\n\t\t\t\t<div class=\"elementor-element elementor-element-ad23743 elementor-invisible elementor-widget elementor-widget-text-editor\" data-id=\"ad23743\" data-element_type=\"widget\" data-settings=\"{&quot;_animation&quot;:&quot;fadeInUp&quot;,&quot;_animation_delay&quot;:400}\" data-widget_type=\"text-editor.default\">\n\t\t\t\t<div class=\"elementor-widget-container\">\n\t\t\t\t\t\t\t\t\t<p>Der <strong>Fachkr\u00e4ftemangel in Deutschland<\/strong> ist besonders in <strong>handwerklichen und technischen Berufen<\/strong> deutlich sp\u00fcrbar. Viele mittelst\u00e4ndische Unternehmen stehen vor der Herausforderung, qualifizierte <strong>CNC-Fachkr\u00e4fte<\/strong> zu finden. Das <strong>Burger Industriewerk in Schonach<\/strong> hat sich dieser Aufgabe erfolgreich gestellt \u2013 mit einem offenen, zukunftsorientierten Recruiting-Ansatz und der Unterst\u00fctzung von <strong>Destination Germany.<\/strong><\/p>\t\t\t\t\t\t\t\t<\/div>\n\t\t\t\t<\/div>\n\t\t\t\t\t<\/div>\n\t\t<\/div>\n\t\t\t\t\t<\/div>\n\t\t<\/section>\n\t\t\t\t\t<\/div>\n\t\t<\/div>\n\t\t\t\t\t<\/div>\n\t\t<\/section>\n\t\t\t\t<section class=\"elementor-section elementor-top-section elementor-element elementor-element-5858a480 elementor-section-full_width elementor-section-height-default elementor-section-height-default\" data-id=\"5858a480\" data-element_type=\"section\" data-settings=\"{&quot;jet_parallax_layout_list&quot;:[]}\">\n\t\t\t\t\t\t<div class=\"elementor-container elementor-column-gap-no\">\n\t\t\t\t\t<div class=\"elementor-column elementor-col-50 elementor-top-column elementor-element elementor-element-3a0b27e5 animated-slow elementor-invisible\" data-id=\"3a0b27e5\" data-element_type=\"column\" data-settings=\"{&quot;background_background&quot;:&quot;classic&quot;,&quot;animation&quot;:&quot;fadeIn&quot;}\">\n\t\t\t<div class=\"elementor-widget-wrap elementor-element-populated\">\n\t\t\t\t\t\t<div class=\"elementor-element elementor-element-4fbbb0b5 elementor-widget elementor-widget-spacer\" data-id=\"4fbbb0b5\" data-element_type=\"widget\" data-widget_type=\"spacer.default\">\n\t\t\t\t<div class=\"elementor-widget-container\">\n\t\t\t\t\t\t\t<div class=\"elementor-spacer\">\n\t\t\t<div class=\"elementor-spacer-inner\"><\/div>\n\t\t<\/div>\n\t\t\t\t\t\t<\/div>\n\t\t\t\t<\/div>\n\t\t\t\t\t<\/div>\n\t\t<\/div>\n\t\t\t\t<div class=\"elementor-column elementor-col-50 elementor-top-column elementor-element elementor-element-5c04ca8c\" data-id=\"5c04ca8c\" data-element_type=\"column\">\n\t\t\t<div class=\"elementor-widget-wrap elementor-element-populated\">\n\t\t\t\t\t\t<section class=\"elementor-section elementor-inner-section elementor-element elementor-element-399088a8 elementor-section-boxed elementor-section-height-default elementor-section-height-default\" data-id=\"399088a8\" data-element_type=\"section\" data-settings=\"{&quot;jet_parallax_layout_list&quot;:[]}\">\n\t\t\t\t\t\t<div class=\"elementor-container elementor-column-gap-no\">\n\t\t\t\t\t<div class=\"elementor-column elementor-col-100 elementor-inner-column elementor-element elementor-element-12a7b6c7\" data-id=\"12a7b6c7\" data-element_type=\"column\">\n\t\t\t<div class=\"elementor-widget-wrap elementor-element-populated\">\n\t\t\t\t\t\t<div class=\"elementor-element elementor-element-7d2168c9 elementor-widget__width-initial elementor-widget-tablet__width-inherit elementor-invisible elementor-widget elementor-widget-heading\" data-id=\"7d2168c9\" data-element_type=\"widget\" data-settings=\"{&quot;_animation&quot;:&quot;fadeInUp&quot;,&quot;_animation_delay&quot;:400}\" data-widget_type=\"heading.default\">\n\t\t\t\t<div class=\"elementor-widget-container\">\n\t\t\t\t\t<h2 class=\"elementor-heading-title elementor-size-default\">Fachkr\u00e4ftemangel im produzierenden Gewerbe: Die Ausgangslage<\/h2>\t\t\t\t<\/div>\n\t\t\t\t<\/div>\n\t\t\t\t\t<\/div>\n\t\t<\/div>\n\t\t\t\t\t<\/div>\n\t\t<\/section>\n\t\t\t\t<div class=\"elementor-element elementor-element-1c2623ac elementor-widget__width-initial elementor-widget-tablet__width-inherit elementor-invisible elementor-widget elementor-widget-text-editor\" data-id=\"1c2623ac\" data-element_type=\"widget\" data-settings=\"{&quot;_animation&quot;:&quot;fadeInUp&quot;,&quot;_animation_delay&quot;:600}\" data-widget_type=\"text-editor.default\">\n\t\t\t\t<div class=\"elementor-widget-container\">\n\t\t\t\t\t\t\t\t\t<p>Im Rahmen eines <strong>Intake-Meetings<\/strong> definierte das Burger Industriewerk gemeinsam mit Destination Germany den Bedarf an mehreren CNC-Fachkr\u00e4ften. Gesucht wurden qualifizierte Mitarbeiter mit technischer Ausbildung, ausreichenden Deutschkenntnissen und Entwicklungspotenzial \u2013 eine Kombination, die auf dem deutschen Arbeitsmarkt immer seltener wird.<\/p>\t\t\t\t\t\t\t\t<\/div>\n\t\t\t\t<\/div>\n\t\t\t\t\t<\/div>\n\t\t<\/div>\n\t\t\t\t\t<\/div>\n\t\t<\/section>\n\t\t\t\t<section class=\"elementor-section elementor-top-section elementor-element elementor-element-417908e9 elementor-section-full_width elementor-section-height-default elementor-section-height-default\" data-id=\"417908e9\" data-element_type=\"section\" data-settings=\"{&quot;jet_parallax_layout_list&quot;:[]}\">\n\t\t\t\t\t\t<div class=\"elementor-container elementor-column-gap-no\">\n\t\t\t\t\t<div class=\"elementor-column elementor-col-100 elementor-top-column elementor-element elementor-element-235bf9b1\" data-id=\"235bf9b1\" data-element_type=\"column\">\n\t\t\t<div class=\"elementor-widget-wrap elementor-element-populated\">\n\t\t\t\t\t\t<section class=\"elementor-section elementor-inner-section elementor-element elementor-element-56a35e79 elementor-section-full_width elementor-section-height-default elementor-section-height-default\" data-id=\"56a35e79\" data-element_type=\"section\" data-settings=\"{&quot;background_background&quot;:&quot;classic&quot;,&quot;jet_parallax_layout_list&quot;:[]}\">\n\t\t\t\t\t\t\t<div class=\"elementor-background-overlay\"><\/div>\n\t\t\t\t\t\t\t<div class=\"elementor-container elementor-column-gap-no\">\n\t\t\t\t\t<div class=\"elementor-column elementor-col-50 elementor-inner-column elementor-element elementor-element-1b8c5be5\" data-id=\"1b8c5be5\" data-element_type=\"column\">\n\t\t\t<div class=\"elementor-widget-wrap elementor-element-populated\">\n\t\t\t\t\t\t<div class=\"elementor-element elementor-element-5d6114d8 elementor-hidden-tablet elementor-hidden-mobile elementor-widget__width-initial elementor-hidden-widescreen elementor-hidden-desktop elementor-hidden-laptop elementor-invisible elementor-widget elementor-widget-heading\" data-id=\"5d6114d8\" data-element_type=\"widget\" data-settings=\"{&quot;_animation&quot;:&quot;fadeInUp&quot;}\" data-widget_type=\"heading.default\">\n\t\t\t\t<div class=\"elementor-widget-container\">\n\t\t\t\t\t<h2 class=\"elementor-heading-title elementor-size-default\">Effektive Unterst\u00fctzung durch Destination Germany<\/h2>\t\t\t\t<\/div>\n\t\t\t\t<\/div>\n\t\t\t\t<div class=\"elementor-element elementor-element-2b94b0b0 elementor-hidden-desktop elementor-invisible elementor-widget elementor-widget-heading\" data-id=\"2b94b0b0\" data-element_type=\"widget\" data-settings=\"{&quot;_animation&quot;:&quot;fadeInUp&quot;}\" data-widget_type=\"heading.default\">\n\t\t\t\t<div class=\"elementor-widget-container\">\n\t\t\t\t\t<h2 class=\"elementor-heading-title elementor-size-default\">Recruiting-L\u00f6sung: Active Sourcing &amp; Performance Recruiting<\/h2>\t\t\t\t<\/div>\n\t\t\t\t<\/div>\n\t\t\t\t<div class=\"elementor-element elementor-element-118fff7c elementor-widget__width-initial elementor-invisible elementor-widget elementor-widget-text-editor\" data-id=\"118fff7c\" data-element_type=\"widget\" data-settings=\"{&quot;_animation&quot;:&quot;fadeInUp&quot;,&quot;_animation_delay&quot;:600}\" data-widget_type=\"text-editor.default\">\n\t\t\t\t<div class=\"elementor-widget-container\">\n\t\t\t\t\t\t\t\t\t<p>Als erfahrene Personalagentur f\u00fcr nationale und internationale Fachkr\u00e4fte setzten wir auf eine Kombination aus Active Sourcing, bestehendem Talent Pool und Performance Recruiting. Ziel war es, sowohl deutsche als auch internationale Fachkr\u00e4fte, die sich bereits in Deutschland befinden, gezielt anzusprechen.<\/p><p>Alle Kandidaten durchliefen einen strukturierten Recruiting-Prozess:<br \/>Pr\u00fcfung der fachlichen Qualifikation (CNC, Produktion, Technik)<\/p><ul><li>Bewertung des sprachlichen Niveaus (mindestens Deutsch B2)<\/li><li>Pers\u00f6nliche Interviews durch unsere Recruiter<\/li><li>Vorauswahl und Empfehlung passender Profile an Burger Industriewerk<\/li><\/ul><div id=\"aircall-extension-app\">\u00a0<\/div>\t\t\t\t\t\t\t\t<\/div>\n\t\t\t\t<\/div>\n\t\t\t\t\t<\/div>\n\t\t<\/div>\n\t\t\t\t<div class=\"elementor-column elementor-col-50 elementor-inner-column elementor-element elementor-element-7268c110 elementor-hidden-tablet elementor-hidden-mobile\" data-id=\"7268c110\" data-element_type=\"column\">\n\t\t\t<div class=\"elementor-widget-wrap\">\n\t\t\t\t\t\t\t<\/div>\n\t\t<\/div>\n\t\t\t\t\t<\/div>\n\t\t<\/section>\n\t\t\t\t\t<\/div>\n\t\t<\/div>\n\t\t\t\t\t<\/div>\n\t\t<\/section>\n\t\t\t\t<section class=\"elementor-section elementor-top-section elementor-element elementor-element-4274cb9 elementor-section-boxed elementor-section-height-default elementor-section-height-default\" data-id=\"4274cb9\" data-element_type=\"section\" data-settings=\"{&quot;jet_parallax_layout_list&quot;:[]}\">\n\t\t\t\t\t\t<div class=\"elementor-container elementor-column-gap-no\">\n\t\t\t\t\t<div class=\"elementor-column elementor-col-50 elementor-top-column elementor-element elementor-element-6c9583f\" data-id=\"6c9583f\" data-element_type=\"column\">\n\t\t\t<div class=\"elementor-widget-wrap elementor-element-populated\">\n\t\t\t\t\t\t<div class=\"elementor-element elementor-element-2ffa81a elementor-invisible elementor-widget elementor-widget-image\" data-id=\"2ffa81a\" data-element_type=\"widget\" data-settings=\"{&quot;_animation&quot;:&quot;zoomIn&quot;}\" data-widget_type=\"image.default\">\n\t\t\t\t<div class=\"elementor-widget-container\">\n\t\t\t\t\t\t\t\t\t\t\t\t\t\t\t<img fetchpriority=\"high\" decoding=\"async\" width=\"1080\" height=\"1080\" src=\"https:\/\/destinationgermany.de\/wp-content\/uploads\/2026\/04\/188136796_140371458080055_1568838152993075135_n.jpg\" class=\"attachment-full size-full wp-image-5640\" alt=\"\" srcset=\"https:\/\/destinationgermany.de\/wp-content\/uploads\/2026\/04\/188136796_140371458080055_1568838152993075135_n.jpg 1080w, https:\/\/destinationgermany.de\/wp-content\/uploads\/2026\/04\/188136796_140371458080055_1568838152993075135_n-300x300.jpg 300w, https:\/\/destinationgermany.de\/wp-content\/uploads\/2026\/04\/188136796_140371458080055_1568838152993075135_n-1024x1024.jpg 1024w, https:\/\/destinationgermany.de\/wp-content\/uploads\/2026\/04\/188136796_140371458080055_1568838152993075135_n-150x150.jpg 150w, https:\/\/destinationgermany.de\/wp-content\/uploads\/2026\/04\/188136796_140371458080055_1568838152993075135_n-768x768.jpg 768w, https:\/\/destinationgermany.de\/wp-content\/uploads\/2026\/04\/188136796_140371458080055_1568838152993075135_n-12x12.jpg 12w\" sizes=\"(max-width: 1080px) 100vw, 1080px\" \/>\t\t\t\t\t\t\t\t\t\t\t\t\t\t\t<\/div>\n\t\t\t\t<\/div>\n\t\t\t\t\t<\/div>\n\t\t<\/div>\n\t\t\t\t<div class=\"elementor-column elementor-col-50 elementor-top-column elementor-element elementor-element-13d65e3\" data-id=\"13d65e3\" data-element_type=\"column\">\n\t\t\t<div class=\"elementor-widget-wrap elementor-element-populated\">\n\t\t\t\t\t\t<div class=\"elementor-element elementor-element-4ba750e elementor-widget__width-initial elementor-widget-tablet__width-inherit elementor-invisible elementor-widget elementor-widget-heading\" data-id=\"4ba750e\" data-element_type=\"widget\" data-settings=\"{&quot;_animation&quot;:&quot;fadeInUp&quot;,&quot;_animation_delay&quot;:400}\" data-widget_type=\"heading.default\">\n\t\t\t\t<div class=\"elementor-widget-container\">\n\t\t\t\t\t<h2 class=\"elementor-heading-title elementor-size-default\">Vorstellungsgespr\u00e4che und Probetage beim Unternehmen<\/h2>\t\t\t\t<\/div>\n\t\t\t\t<\/div>\n\t\t\t\t<div class=\"elementor-element elementor-element-7c67902 elementor-widget__width-inherit elementor-invisible elementor-widget elementor-widget-text-editor\" data-id=\"7c67902\" data-element_type=\"widget\" data-settings=\"{&quot;_animation&quot;:&quot;fadeInUp&quot;,&quot;_animation_delay&quot;:600}\" data-widget_type=\"text-editor.default\">\n\t\t\t\t<div class=\"elementor-widget-container\">\n\t\t\t\t\t\t\t\t\t<p>Burger Industriewerk reagierte schnell und professionell auf die vorgestellten Kandidaten. Mehrere Bewerber wurden zu Vorstellungsgespr\u00e4chen und anschlie\u00dfenden Probetagen eingeladen. Die enge Abstimmung, kurzen Entscheidungswege und die wertsch\u00e4tzende Kommunikation waren entscheidende Erfolgsfaktoren.<\/p><div id=\"aircall-extension-app\">\u00a0<\/div>\t\t\t\t\t\t\t\t<\/div>\n\t\t\t\t<\/div>\n\t\t\t\t\t<\/div>\n\t\t<\/div>\n\t\t\t\t\t<\/div>\n\t\t<\/section>\n\t\t\t\t<section class=\"elementor-section elementor-top-section elementor-element elementor-element-b53492b animated-slow elementor-section-boxed elementor-section-height-default elementor-section-height-default elementor-invisible\" data-id=\"b53492b\" data-element_type=\"section\" data-settings=\"{&quot;animation&quot;:&quot;fadeIn&quot;,&quot;jet_parallax_layout_list&quot;:[]}\">\n\t\t\t\t\t\t<div class=\"elementor-container elementor-column-gap-no\">\n\t\t\t\t\t<div class=\"elementor-column elementor-col-100 elementor-top-column elementor-element elementor-element-1d84b1e\" data-id=\"1d84b1e\" data-element_type=\"column\" data-settings=\"{&quot;background_background&quot;:&quot;classic&quot;}\">\n\t\t\t<div class=\"elementor-widget-wrap elementor-element-populated\">\n\t\t\t\t\t<div class=\"elementor-background-overlay\"><\/div>\n\t\t\t\t\t\t<div class=\"elementor-element elementor-element-8094d55 elementor-widget__width-initial elementor-widget elementor-widget-heading\" data-id=\"8094d55\" data-element_type=\"widget\" data-widget_type=\"heading.default\">\n\t\t\t\t<div class=\"elementor-widget-container\">\n\t\t\t\t\t<h2 class=\"elementor-heading-title elementor-size-default\">Erfolgreiche Zusammenarbeit mit messbaren Ergebnissen<\/h2>\t\t\t\t<\/div>\n\t\t\t\t<\/div>\n\t\t\t\t\t<\/div>\n\t\t<\/div>\n\t\t\t\t\t<\/div>\n\t\t<\/section>\n\t\t\t\t<section class=\"elementor-section elementor-top-section elementor-element elementor-element-76e5b8b elementor-section-boxed elementor-section-height-default elementor-section-height-default\" data-id=\"76e5b8b\" data-element_type=\"section\" data-settings=\"{&quot;jet_parallax_layout_list&quot;:[]}\">\n\t\t\t\t\t\t<div class=\"elementor-container elementor-column-gap-no\">\n\t\t\t\t\t<div class=\"elementor-column elementor-col-100 elementor-top-column elementor-element elementor-element-d5b45e1\" data-id=\"d5b45e1\" data-element_type=\"column\">\n\t\t\t<div class=\"elementor-widget-wrap elementor-element-populated\">\n\t\t\t\t\t\t<div class=\"elementor-element elementor-element-49cdf75 elementor-widget__width-initial elementor-widget-tablet__width-inherit elementor-widget-laptop__width-initial elementor-invisible elementor-widget elementor-widget-text-editor\" data-id=\"49cdf75\" data-element_type=\"widget\" data-settings=\"{&quot;_animation&quot;:&quot;fadeInUp&quot;,&quot;_animation_delay&quot;:600}\" data-widget_type=\"text-editor.default\">\n\t\t\t\t<div class=\"elementor-widget-container\">\n\t\t\t\t\t\t\t\t\t<p>Durch die enge Zusammenarbeit zwischen Unternehmen und dem Team von Destination Germany konnten innerhalb kurzer Zeit bereits zwei CNC-Fachkr\u00e4fte eingestellt werden. Weitere deutsche und internationale Kandidaten befinden sich aktuell im laufenden Bewerbungsprozess.<\/p>\t\t\t\t\t\t\t\t<\/div>\n\t\t\t\t<\/div>\n\t\t\t\t<div class=\"elementor-element elementor-element-944cba9 elementor-widget__width-initial elementor-widget-tablet__width-inherit elementor-widget-laptop__width-initial elementor-invisible elementor-widget elementor-widget-heading\" data-id=\"944cba9\" data-element_type=\"widget\" data-settings=\"{&quot;_animation&quot;:&quot;fadeInUp&quot;,&quot;_animation_delay&quot;:400}\" data-widget_type=\"heading.default\">\n\t\t\t\t<div class=\"elementor-widget-container\">\n\t\t\t\t\t<h2 class=\"elementor-heading-title elementor-size-default\">Fazit: Erfolgreiches Recruiting trotz Fachkr\u00e4ftemangel<\/h2>\t\t\t\t<\/div>\n\t\t\t\t<\/div>\n\t\t\t\t<div class=\"elementor-element elementor-element-cd52e81 animated-slow elementor-invisible elementor-widget elementor-widget-text-editor\" data-id=\"cd52e81\" data-element_type=\"widget\" data-settings=\"{&quot;_animation&quot;:&quot;fadeIn&quot;}\" data-widget_type=\"text-editor.default\">\n\t\t\t\t<div class=\"elementor-widget-container\">\n\t\t\t\t\t\t\t\t\t<p>Diese Success Story zeigt deutlich:<\/p><ul><li>Qualifizierte Fachkr\u00e4fte sind vorhanden \u2013 national und international<\/li><li>Motivation, Sprachentwicklung und Potenzial sind entscheidende Kriterien<\/li><li>Mit einem strukturierten Recruiting-Prozess lassen sich auch CNC-Positionen erfolgreich besetzen<\/li><li>Offenheit gegen\u00fcber internationalen Fachkr\u00e4ften ist ein klarer Wettbewerbsvorteil<\/li><\/ul><p>Das Burger Industriewerk ist ein positives Beispiel daf\u00fcr, wie Unternehmen dem Fachkr\u00e4ftemangel im Handwerk und in der Industrie aktiv begegnen k\u00f6nnen \u2013 mit der richtigen Einstellung und einem starken Recruiting-Partner.<\/p>\t\t\t\t\t\t\t\t<\/div>\n\t\t\t\t<\/div>\n\t\t\t\t<section class=\"elementor-section elementor-inner-section elementor-element elementor-element-e828d9e animated-slow elementor-section-boxed elementor-section-height-default elementor-section-height-default elementor-invisible\" data-id=\"e828d9e\" data-element_type=\"section\" data-settings=\"{&quot;background_background&quot;:&quot;classic&quot;,&quot;animation&quot;:&quot;fadeIn&quot;,&quot;jet_parallax_layout_list&quot;:[]}\">\n\t\t\t\t\t\t<div class=\"elementor-container elementor-column-gap-no\">\n\t\t\t\t\t<div class=\"elementor-column elementor-col-100 elementor-inner-column elementor-element elementor-element-1f1a6be\" data-id=\"1f1a6be\" data-element_type=\"column\">\n\t\t\t<div class=\"elementor-widget-wrap elementor-element-populated\">\n\t\t\t\t\t\t<div class=\"elementor-element elementor-element-8dfdf8f elementor-position-left elementor-widget__width-initial elementor-widget-mobile__width-inherit elementor-view-default elementor-mobile-position-top elementor-vertical-align-top elementor-widget elementor-widget-icon-box\" data-id=\"8dfdf8f\" data-element_type=\"widget\" data-widget_type=\"icon-box.default\">\n\t\t\t\t<div class=\"elementor-widget-container\">\n\t\t\t\t\t\t\t<div class=\"elementor-icon-box-wrapper\">\n\n\t\t\t\t\t\t<div class=\"elementor-icon-box-icon\">\n\t\t\t\t<span  class=\"elementor-icon\">\n\t\t\t\t<svg xmlns=\"http:\/\/www.w3.org\/2000\/svg\" width=\"49\" height=\"49\" viewbox=\"0 0 49 49\" fill=\"none\"><path d=\"M6.125 21.4378C6.125 25.3844 9.32429 28.5837 13.2708 28.5837L20.4167 35.7295V21.4378C20.4167 17.4913 17.2174 14.292 13.2708 14.292C9.32429 14.292 6.125 17.4913 6.125 21.4378Z\" stroke=\"#41A7E4\" stroke-width=\"3\" stroke-linejoin=\"round\"><\/path><path d=\"M26.5417 21.4378C26.5417 25.3844 29.741 28.5837 33.6876 28.5837L40.8334 35.7295V21.4378C40.8334 17.4913 37.6341 14.292 33.6876 14.292C29.741 14.292 26.5417 17.4913 26.5417 21.4378Z\" stroke=\"#41A7E4\" stroke-width=\"3\" stroke-linejoin=\"round\"><\/path><\/svg>\t\t\t\t<\/span>\n\t\t\t<\/div>\n\t\t\t\n\t\t\t\t\t\t<div class=\"elementor-icon-box-content\">\n\n\t\t\t\t\t\t\t\t\t<h3 class=\"elementor-icon-box-title\">\n\t\t\t\t\t\t<span  >\n\t\t\t\t\t\t\t\ud83d\udc49 Sie suchen qualifizierte Fachkr\u00e4fte \u2013 in Deutschland oder international?\t\t\t\t\t\t<\/span>\n\t\t\t\t\t<\/h3>\n\t\t\t\t\n\t\t\t\t\t\t\t\t\t<p class=\"elementor-icon-box-description\">\n\t\t\t\t\t\tDann sprechen Sie uns gerne an. Wir begleiten Sie von der Kandidatensuche bis zum erfolgreichen Start im Unternehmen - mit echter Empathie, pers\u00f6nlicher Begleitung und dem klaren Anspruch, nicht nur Stellen zu besetzen, sondern Menschen und Unternehmen nachhaltig zusammenzubringen.\t\t\t\t\t<\/p>\n\t\t\t\t\n\t\t\t<\/div>\n\t\t\t\n\t\t<\/div>\n\t\t\t\t\t\t<\/div>\n\t\t\t\t<\/div>\n\t\t\t\t\t<\/div>\n\t\t<\/div>\n\t\t\t\t\t<\/div>\n\t\t<\/section>\n\t\t\t\t\t<\/div>\n\t\t<\/div>\n\t\t\t\t\t<\/div>\n\t\t<\/section>\n\t\t\t\t<\/div>","protected":false},"excerpt":{"rendered":"<p>CNC-Fachkr\u00e4fte f\u00fcr Burger Industriewerk erfolgreich besetzt Der Fachkr\u00e4ftemangel in Deutschland ist besonders in handwerklichen und technischen Berufen deutlich sp\u00fcrbar. Viele mittelst\u00e4ndische Unternehmen stehen vor der Herausforderung, qualifizierte CNC-Fachkr\u00e4fte zu finden. Das Burger Industriewerk in Schonach hat sich dieser Aufgabe erfolgreich gestellt \u2013 mit einem offenen, zukunftsorientierten Recruiting-Ansatz und der Unterst\u00fctzung von Destination Germany. Fachkr\u00e4ftemangel im [&hellip;]<\/p>","protected":false},"author":2,"featured_media":0,"parent":0,"menu_order":0,"comment_status":"closed","ping_status":"closed","template":"elementor_header_footer","meta":{"content-type":"","inline_featured_image":false,"footnotes":""},"class_list":["post-5634","page","type-page","status-publish","hentry"],"acf":[],"_links":{"self":[{"href":"https:\/\/destinationgermany.de\/en\/wp-json\/wp\/v2\/pages\/5634","targetHints":{"allow":["GET"]}}],"collection":[{"href":"https:\/\/destinationgermany.de\/en\/wp-json\/wp\/v2\/pages"}],"about":[{"href":"https:\/\/destinationgermany.de\/en\/wp-json\/wp\/v2\/types\/page"}],"author":[{"embeddable":true,"href":"https:\/\/destinationgermany.de\/en\/wp-json\/wp\/v2\/users\/2"}],"replies":[{"embeddable":true,"href":"https:\/\/destinationgermany.de\/en\/wp-json\/wp\/v2\/comments?post=5634"}],"version-history":[{"count":13,"href":"https:\/\/destinationgermany.de\/en\/wp-json\/wp\/v2\/pages\/5634\/revisions"}],"predecessor-version":[{"id":5650,"href":"https:\/\/destinationgermany.de\/en\/wp-json\/wp\/v2\/pages\/5634\/revisions\/5650"}],"wp:attachment":[{"href":"https:\/\/destinationgermany.de\/en\/wp-json\/wp\/v2\/media?parent=5634"}],"curies":[{"name":"wp","href":"https:\/\/api.w.org\/{rel}","templated":true}]}}