{"id":553,"date":"2023-12-17T14:35:31","date_gmt":"2023-12-17T13:35:31","guid":{"rendered":"https:\/\/destinationgermany.de\/?page_id=553"},"modified":"2024-10-30T14:42:54","modified_gmt":"2024-10-30T13:42:54","slug":"blog","status":"publish","type":"page","link":"https:\/\/destinationgermany.de\/en\/blog\/","title":{"rendered":"Blog"},"content":{"rendered":"<div data-elementor-type=\"wp-page\" data-elementor-id=\"553\" class=\"elementor elementor-553\" data-elementor-post-type=\"page\">\n\t\t\t\t\t\t<section class=\"elementor-section elementor-top-section elementor-element elementor-element-d22c325 elementor-section-boxed elementor-section-height-default elementor-section-height-default\" data-id=\"d22c325\" data-element_type=\"section\" data-settings=\"{&quot;jet_parallax_layout_list&quot;:[]}\">\n\t\t\t\t\t\t<div class=\"elementor-container elementor-column-gap-no\">\n\t\t\t\t\t<div class=\"elementor-column elementor-col-100 elementor-top-column elementor-element elementor-element-0f4dec5\" data-id=\"0f4dec5\" data-element_type=\"column\">\n\t\t\t<div class=\"elementor-widget-wrap elementor-element-populated\">\n\t\t\t\t\t\t<div class=\"elementor-element elementor-element-1c930a0 elementor-widget elementor-widget-heading\" data-id=\"1c930a0\" data-element_type=\"widget\" data-widget_type=\"heading.default\">\n\t\t\t\t<div class=\"elementor-widget-container\">\n\t\t\t\t\t<h1 class=\"elementor-heading-title elementor-size-default\">Destination Germany Blog<\/h1>\t\t\t\t<\/div>\n\t\t\t\t<\/div>\n\t\t\t\t<div class=\"elementor-element elementor-element-e8c46fa elementor-widget__width-inherit elementor-widget elementor-widget-text-editor\" data-id=\"e8c46fa\" data-element_type=\"widget\" data-widget_type=\"text-editor.default\">\n\t\t\t\t<div class=\"elementor-widget-container\">\n\t\t\t\t\t\t\t\t\t<p>Erkunden Sie in unseren Blogartikeln und genie\u00dfen Sie es, die Themen aus einer neuen Perspektive zu betrachten, die Ihnen dabei helfen wird, in die Zeit zur\u00fcckzukehren, in der Sie genug Bewerber f\u00fcr Ihre offenen Stellen hatten.<\/p>\t\t\t\t\t\t\t\t<\/div>\n\t\t\t\t<\/div>\n\t\t\t\t<div class=\"elementor-element elementor-element-af70203 elementor-shape-rounded elementor-grid-0 e-grid-align-center elementor-widget elementor-widget-social-icons\" data-id=\"af70203\" data-element_type=\"widget\" data-widget_type=\"social-icons.default\">\n\t\t\t\t<div class=\"elementor-widget-container\">\n\t\t\t\t\t\t\t<div class=\"elementor-social-icons-wrapper elementor-grid\">\n\t\t\t\t\t\t\t<span class=\"elementor-grid-item\">\n\t\t\t\t\t<a class=\"elementor-icon elementor-social-icon elementor-social-icon-linkedin elementor-repeater-item-acb949f\" href=\"https:\/\/www.linkedin.com\/in\/vincent-ramm\/\" target=\"_blank\" rel=\"noopener\">\n\t\t\t\t\t\t<span class=\"elementor-screen-only\">Linkedin<\/span>\n\t\t\t\t\t\t<i class=\"fab fa-linkedin\"><\/i>\t\t\t\t\t<\/a>\n\t\t\t\t<\/span>\n\t\t\t\t\t\t\t<span class=\"elementor-grid-item\">\n\t\t\t\t\t<a class=\"elementor-icon elementor-social-icon elementor-social-icon-instagram elementor-repeater-item-64ef74c\" href=\"https:\/\/www.instagram.com\/destinationgermany.gmbh?igsh=MXR6NmFzbDd1ZXE2Yw==\" target=\"_blank\" rel=\"noopener\">\n\t\t\t\t\t\t<span class=\"elementor-screen-only\">Instagram<\/span>\n\t\t\t\t\t\t<i class=\"fab fa-instagram\"><\/i>\t\t\t\t\t<\/a>\n\t\t\t\t<\/span>\n\t\t\t\t\t\t\t<span class=\"elementor-grid-item\">\n\t\t\t\t\t<a class=\"elementor-icon elementor-social-icon elementor-social-icon-youtube elementor-repeater-item-360c73f\" href=\"https:\/\/www.youtube.com\/@destination.germany\" target=\"_blank\" rel=\"noopener\">\n\t\t\t\t\t\t<span class=\"elementor-screen-only\">Youtube<\/span>\n\t\t\t\t\t\t<i class=\"fab fa-youtube\"><\/i>\t\t\t\t\t<\/a>\n\t\t\t\t<\/span>\n\t\t\t\t\t<\/div>\n\t\t\t\t\t\t<\/div>\n\t\t\t\t<\/div>\n\t\t\t\t<div class=\"elementor-element elementor-element-6badb12 elementor-widget elementor-widget-ramm-elementor-blog-loop-block\" data-id=\"6badb12\" data-element_type=\"widget\" data-widget_type=\"ramm-elementor-blog-loop-block.default\">\n\t\t\t\t<div class=\"elementor-widget-container\">\n\t\t\t\t\t<style>\n.post-inner-wrap {\n    margin: 0;\n    grid-template-columns: repeat(12,minmax(0,1fr));\n    display: grid;\n    gap: 35px;\n    align-items: flex-start;\n}\n\n.post-inner-wrap > .post-item {\n    border-radius: 20px;\n    grid-column: span 4\/span 4;\n    height: 100%;\n    border: 1px solid #E0E0E0;\n    border-radius: 10px;\n    overflow: hidden;\n    transition: all .3s;\n    border-radius: 20px;\n}\n\n.post-inner-wrap > .post-item img {\n    width: 100%;\n    border-top-left-radius: 20px;\n    border-top-right-radius: 20px;\n\theight: 240px;\n}\n\n.post-thumbnail {\n    position: relative;\n    line-height: 0;\n}\n\n.post-content {\n    background: #FFFFFF;\n    padding: 25px 30px 35px;\n    border-bottom-left-radius: 20px;\n    border-bottom-right-radius: 20px;\n    transition: all .3s;\n    height: 100%;\n}\n\n.post-inner-wrap > .post-item:hover .post-content,\n.post-inner-wrap > .post-item:hover {\n    box-shadow: 0px 20px 50px rgb(0 0 0 \/ 12%);\n}\n\n.post-thumbnail .standard-post-date {\n    position: absolute;\n    top: 10px;\n    right: 10px;\n    font-weight: 400;\n    font-size: 12px;\n    line-height: 24px;\n    \/* identical to box height, or 200% *\/\n\n    text-transform: uppercase;\n\n    color: #FFFFFF;\n    padding: 6px 20px;\n    background: #41A7E4;\n    border-radius: 20px;\n\n}\n\n.post-inner-wrap .the-category a {\n    font-weight: 400;\n    font-size: 12px;\n    line-height: 24px;\n    letter-spacing: 0.1em;\n    text-transform: uppercase;\n    color: #41A7E4;\n}\n\n.post-inner-wrap .the-category {\n    margin-bottom: 13px;\n}\n\n.post-inner-wrap h3.post-title, .post-inner-wrap h3.post-title a {\n    font-weight: 700;\n    font-size: 18px;\n    line-height: 180%;\n    text-transform: capitalize;\n    color: #323232;\n    margin-bottom: 13px;\n}\n\n.post-inner-wrap .post-text.excerpt p {\n    font-weight: 400;\n    font-size: 16px;\n    line-height: 180%;\n    letter-spacing: 0.15px;\n    color: #969696;\n    margin-bottom: 23px;\n}\n\n.post-inner-wrap .post-content a.read-more {\n    font-weight: 700;\n    font-size: 16px;\n    line-height: 24px;\n    \/* identical to box height, or 150% *\/\n\n    letter-spacing: -0.005em;\n    text-transform: capitalize;\n\n    color: #41A7E4;\n}\n\n.post-content.no-thumb {\n    padding-top: 35px;\n    border-radius: 20px;\n}\n\n.post-content.no-thumb .standard-post-date.span-head {\n    margin-bottom: 10px;\n}\n\n.page-nav-blog-loop.navigation-paging .index-of-page {\n    width: auto;\n    background-color: transparent;\n}\n\n.page-nav-blog-loop.navigation-paging a[disabled] {\n    pointer-events: none;\n}\n\n.page-nav-blog-loop.navigation-paging a {\n    font-size: 20px;\n}\n\n.page-nav-blog-loop.navigation-paging a,\n.page-nav-blog-loop.navigation-paging span {\n    border-radius: 100%;\n    margin-left: 10px;\n    width: 35px;\n    height: 35px;\n    display: inline-block;\n    display: inline-flex;\n    justify-content: center;\n    align-items: center;\n    background-color: #EAEAEA;\n    color: #2C2C2C;\n}\n\n.page-nav-blog-loop.navigation-paging a:hover {\n    color: #ffffff;\n    background-color: #41A7E4;\n}\n\n.page-nav-blog-loop.navigation-paging a.disabled {\n    pointer-events: none;\n    cursor: not-allowed;\n}\n\n.page-nav-blog-loop.navigation-paging a.disabled:first-child {\n    margin-left: 0;\n}\n\n.page-nav-blog-loop.navigation-paging span.current {\n    background-color: #EAEAEA;\n    border-color: #EAEAEA;\n    border-radius: 100%;\n    margin-left: 10px;\n    width: 35px;\n    height: 35px;\n    display: inline-block;\n    display: inline-flex;\n    justify-content: center;\n    align-items: center;\n}\n\n.page-nav-blog-loop {\n    text-align: center;\n    margin-top: 40px;\n}\n\n@media (max-width: 768px) {\n\n    .post-inner-wrap > .post-item {\n    \tgrid-column: span 6\/span 6;\n    }\n\n}\n\n@media (max-width: 575px) {\n\n    .post-inner-wrap > .post-item {\n    \tgrid-column: span 12\/span 12;\n    }\n\t\n\t.post-inner-wrap {\n\t\tgap: 0;\n\t\trow-gap: 35px;\n\t}\n\n}\n<\/style>\n\n<div class=\"post-wrap\">\n    <div class=\"post-inner-wrap row clearfix\">\n                <div class=\"post-item\">\n                        <div class=\"post-thumbnail\">\n                <a href=\"https:\/\/destinationgermany.de\/en\/erfolge-im-pflege-recruiting-unser-jahresabschluss\/\">\n                    <img fetchpriority=\"high\" decoding=\"async\" width=\"2240\" height=\"1260\" src=\"https:\/\/destinationgermany.de\/wp-content\/uploads\/2025\/02\/Newsletter.png\" class=\"attachment-post-thumbnail size-post-thumbnail wp-post-image\" alt=\"\" srcset=\"https:\/\/destinationgermany.de\/wp-content\/uploads\/2025\/02\/Newsletter.png 2240w, https:\/\/destinationgermany.de\/wp-content\/uploads\/2025\/02\/Newsletter-300x169.png 300w, https:\/\/destinationgermany.de\/wp-content\/uploads\/2025\/02\/Newsletter-1024x576.png 1024w, https:\/\/destinationgermany.de\/wp-content\/uploads\/2025\/02\/Newsletter-768x432.png 768w, https:\/\/destinationgermany.de\/wp-content\/uploads\/2025\/02\/Newsletter-1536x864.png 1536w, https:\/\/destinationgermany.de\/wp-content\/uploads\/2025\/02\/Newsletter-2048x1152.png 2048w, https:\/\/destinationgermany.de\/wp-content\/uploads\/2025\/02\/Newsletter-18x10.png 18w\" sizes=\"(max-width: 2240px) 100vw, 2240px\" \/>                    <div class=\"standard-post-date span-head\">\n                        2026-01-09                    <\/div>\n                <\/a>\n            <\/div>\n                        <div class=\"post-content\">\n                                <div class=\"the-category\">\n                    <a href=\"https:\/\/destinationgermany.de\/en\/category\/companies-blog\/pflege\/\" rel=\"category tag\">Pflege<\/a>,<a href=\"https:\/\/destinationgermany.de\/en\/category\/uncategorized\/\" rel=\"category tag\">Uncategorized<\/a>                <\/div>\n                <h3 class=\"post-title\"><a href=\"https:\/\/destinationgermany.de\/en\/erfolge-im-pflege-recruiting-unser-jahresabschluss\/\">Erfolge im Pflege-Recruiting: Unser Jahresabschluss<\/a><\/h3>\n                <div class=\"post-text excerpt\">\n                    <p>Herzlich Willkommen zu unserem neuen Newsletter! Zum Start des neuen Jahres werfen wir einen Blick auf den...<\/p>\n                <\/div>\n                <a href=\"https:\/\/destinationgermany.de\/en\/erfolge-im-pflege-recruiting-unser-jahresabschluss\/\" class=\"read-more\">Read More<\/a>\n            <\/div>\n        <\/div>\n                <div class=\"post-item\">\n                        <div class=\"post-thumbnail\">\n                <a href=\"https:\/\/destinationgermany.de\/en\/die-drei-vs-im-oktober-vorabstimmung-vorbereitung-und-vormerkung\/\">\n                    <img fetchpriority=\"high\" decoding=\"async\" width=\"2240\" height=\"1260\" src=\"https:\/\/destinationgermany.de\/wp-content\/uploads\/2025\/02\/Newsletter.png\" class=\"attachment-post-thumbnail size-post-thumbnail wp-post-image\" alt=\"\" srcset=\"https:\/\/destinationgermany.de\/wp-content\/uploads\/2025\/02\/Newsletter.png 2240w, https:\/\/destinationgermany.de\/wp-content\/uploads\/2025\/02\/Newsletter-300x169.png 300w, https:\/\/destinationgermany.de\/wp-content\/uploads\/2025\/02\/Newsletter-1024x576.png 1024w, https:\/\/destinationgermany.de\/wp-content\/uploads\/2025\/02\/Newsletter-768x432.png 768w, https:\/\/destinationgermany.de\/wp-content\/uploads\/2025\/02\/Newsletter-1536x864.png 1536w, https:\/\/destinationgermany.de\/wp-content\/uploads\/2025\/02\/Newsletter-2048x1152.png 2048w, https:\/\/destinationgermany.de\/wp-content\/uploads\/2025\/02\/Newsletter-18x10.png 18w\" sizes=\"(max-width: 2240px) 100vw, 2240px\" \/>                    <div class=\"standard-post-date span-head\">\n                        2025-10-29                    <\/div>\n                <\/a>\n            <\/div>\n                        <div class=\"post-content\">\n                                <div class=\"the-category\">\n                    <a href=\"https:\/\/destinationgermany.de\/en\/category\/companies-blog\/pflege\/\" rel=\"category tag\">Pflege<\/a>,<a href=\"https:\/\/destinationgermany.de\/en\/category\/uncategorized\/\" rel=\"category tag\">Uncategorized<\/a>                <\/div>\n                <h3 class=\"post-title\"><a href=\"https:\/\/destinationgermany.de\/en\/die-drei-vs-im-oktober-vorabstimmung-vorbereitung-und-vormerkung\/\">Die drei &#8222;V\u00b4s&#8220; im Oktober: Vorabstimmung, Vorbereitung und Vormerkung<\/a><\/h3>\n                <div class=\"post-text excerpt\">\n                    <p>Herzlich Willkommen zu unserem Oktober-Newsletter! Es freut uns, Ihnen auch im Oktober wieder spannende Neuigkeiten, wertvolle Insights...<\/p>\n                <\/div>\n                <a href=\"https:\/\/destinationgermany.de\/en\/die-drei-vs-im-oktober-vorabstimmung-vorbereitung-und-vormerkung\/\" class=\"read-more\">Read More<\/a>\n            <\/div>\n        <\/div>\n                <div class=\"post-item\">\n                        <div class=\"post-thumbnail\">\n                <a href=\"https:\/\/destinationgermany.de\/en\/meilensteine-im-august-dem-pflegekraeftemangel-entgegen-wirken-2\/\">\n                    <img fetchpriority=\"high\" decoding=\"async\" width=\"2240\" height=\"1260\" src=\"https:\/\/destinationgermany.de\/wp-content\/uploads\/2025\/02\/Newsletter.png\" class=\"attachment-post-thumbnail size-post-thumbnail wp-post-image\" alt=\"\" srcset=\"https:\/\/destinationgermany.de\/wp-content\/uploads\/2025\/02\/Newsletter.png 2240w, https:\/\/destinationgermany.de\/wp-content\/uploads\/2025\/02\/Newsletter-300x169.png 300w, https:\/\/destinationgermany.de\/wp-content\/uploads\/2025\/02\/Newsletter-1024x576.png 1024w, https:\/\/destinationgermany.de\/wp-content\/uploads\/2025\/02\/Newsletter-768x432.png 768w, https:\/\/destinationgermany.de\/wp-content\/uploads\/2025\/02\/Newsletter-1536x864.png 1536w, https:\/\/destinationgermany.de\/wp-content\/uploads\/2025\/02\/Newsletter-2048x1152.png 2048w, https:\/\/destinationgermany.de\/wp-content\/uploads\/2025\/02\/Newsletter-18x10.png 18w\" sizes=\"(max-width: 2240px) 100vw, 2240px\" \/>                    <div class=\"standard-post-date span-head\">\n                        2025-09-15                    <\/div>\n                <\/a>\n            <\/div>\n                        <div class=\"post-content\">\n                                <div class=\"the-category\">\n                    <a href=\"https:\/\/destinationgermany.de\/en\/category\/companies-blog\/pflege\/\" rel=\"category tag\">Pflege<\/a>,<a href=\"https:\/\/destinationgermany.de\/en\/category\/uncategorized\/\" rel=\"category tag\">Uncategorized<\/a>                <\/div>\n                <h3 class=\"post-title\"><a href=\"https:\/\/destinationgermany.de\/en\/meilensteine-im-august-dem-pflegekraeftemangel-entgegen-wirken-2\/\">Pers\u00f6nlicher statt virtueller September: Partnerschaften st\u00e4rken<\/a><\/h3>\n                <div class=\"post-text excerpt\">\n                    <p>Herzlich Willkommen zu unserem September-Newsletter! Es freut uns, Ihnen spannende Neuigkeiten, wertvolle Insights und exklusive Updates aus...<\/p>\n                <\/div>\n                <a href=\"https:\/\/destinationgermany.de\/en\/meilensteine-im-august-dem-pflegekraeftemangel-entgegen-wirken-2\/\" class=\"read-more\">Read More<\/a>\n            <\/div>\n        <\/div>\n                <div class=\"post-item\">\n                        <div class=\"post-thumbnail\">\n                <a href=\"https:\/\/destinationgermany.de\/en\/meilensteine-im-august-dem-pflegekraeftemangel-entgegen-wirken\/\">\n                    <img fetchpriority=\"high\" decoding=\"async\" width=\"2240\" height=\"1260\" src=\"https:\/\/destinationgermany.de\/wp-content\/uploads\/2025\/02\/Newsletter.png\" class=\"attachment-post-thumbnail size-post-thumbnail wp-post-image\" alt=\"\" srcset=\"https:\/\/destinationgermany.de\/wp-content\/uploads\/2025\/02\/Newsletter.png 2240w, https:\/\/destinationgermany.de\/wp-content\/uploads\/2025\/02\/Newsletter-300x169.png 300w, https:\/\/destinationgermany.de\/wp-content\/uploads\/2025\/02\/Newsletter-1024x576.png 1024w, https:\/\/destinationgermany.de\/wp-content\/uploads\/2025\/02\/Newsletter-768x432.png 768w, https:\/\/destinationgermany.de\/wp-content\/uploads\/2025\/02\/Newsletter-1536x864.png 1536w, https:\/\/destinationgermany.de\/wp-content\/uploads\/2025\/02\/Newsletter-2048x1152.png 2048w, https:\/\/destinationgermany.de\/wp-content\/uploads\/2025\/02\/Newsletter-18x10.png 18w\" sizes=\"(max-width: 2240px) 100vw, 2240px\" \/>                    <div class=\"standard-post-date span-head\">\n                        2025-08-14                    <\/div>\n                <\/a>\n            <\/div>\n                        <div class=\"post-content\">\n                                <div class=\"the-category\">\n                    <a href=\"https:\/\/destinationgermany.de\/en\/category\/companies-blog\/pflege\/\" rel=\"category tag\">Pflege<\/a>,<a href=\"https:\/\/destinationgermany.de\/en\/category\/uncategorized\/\" rel=\"category tag\">Uncategorized<\/a>                <\/div>\n                <h3 class=\"post-title\"><a href=\"https:\/\/destinationgermany.de\/en\/meilensteine-im-august-dem-pflegekraeftemangel-entgegen-wirken\/\">Meilensteine im August: Dem Pflegekr\u00e4ftemangel entgegen wirken<\/a><\/h3>\n                <div class=\"post-text excerpt\">\n                    <p>Herzlich Willkommen zu unserem August-Newsletter! Es freut uns, Ihnen spannende Neuigkeiten, wertvolle Insights und exklusive Updates aus...<\/p>\n                <\/div>\n                <a href=\"https:\/\/destinationgermany.de\/en\/meilensteine-im-august-dem-pflegekraeftemangel-entgegen-wirken\/\" class=\"read-more\">Read More<\/a>\n            <\/div>\n        <\/div>\n                <div class=\"post-item\">\n                        <div class=\"post-thumbnail\">\n                <a href=\"https:\/\/destinationgermany.de\/en\/neuigkeiten-im-juni-unsere-internationalen-pflegekraefte-sind-angekommen\/\">\n                    <img fetchpriority=\"high\" decoding=\"async\" width=\"2240\" height=\"1260\" src=\"https:\/\/destinationgermany.de\/wp-content\/uploads\/2025\/02\/Newsletter.png\" class=\"attachment-post-thumbnail size-post-thumbnail wp-post-image\" alt=\"\" srcset=\"https:\/\/destinationgermany.de\/wp-content\/uploads\/2025\/02\/Newsletter.png 2240w, https:\/\/destinationgermany.de\/wp-content\/uploads\/2025\/02\/Newsletter-300x169.png 300w, https:\/\/destinationgermany.de\/wp-content\/uploads\/2025\/02\/Newsletter-1024x576.png 1024w, https:\/\/destinationgermany.de\/wp-content\/uploads\/2025\/02\/Newsletter-768x432.png 768w, https:\/\/destinationgermany.de\/wp-content\/uploads\/2025\/02\/Newsletter-1536x864.png 1536w, https:\/\/destinationgermany.de\/wp-content\/uploads\/2025\/02\/Newsletter-2048x1152.png 2048w, https:\/\/destinationgermany.de\/wp-content\/uploads\/2025\/02\/Newsletter-18x10.png 18w\" sizes=\"(max-width: 2240px) 100vw, 2240px\" \/>                    <div class=\"standard-post-date span-head\">\n                        2025-07-07                    <\/div>\n                <\/a>\n            <\/div>\n                        <div class=\"post-content\">\n                                <div class=\"the-category\">\n                    <a href=\"https:\/\/destinationgermany.de\/en\/category\/companies-blog\/pflege\/\" rel=\"category tag\">Pflege<\/a>,<a href=\"https:\/\/destinationgermany.de\/en\/category\/uncategorized\/\" rel=\"category tag\">Uncategorized<\/a>                <\/div>\n                <h3 class=\"post-title\"><a href=\"https:\/\/destinationgermany.de\/en\/neuigkeiten-im-juni-unsere-internationalen-pflegekraefte-sind-angekommen\/\">Breaking News im Juli: Der vereinfachte Anerkennungsprozess ist da!<\/a><\/h3>\n                <div class=\"post-text excerpt\">\n                    <p>Herzlich Willkommen zu unserem Juli-Newsletter! Es freut uns, dir spannende Neuigkeiten, wertvolle Insights und exklusive Updates aus...<\/p>\n                <\/div>\n                <a href=\"https:\/\/destinationgermany.de\/en\/neuigkeiten-im-juni-unsere-internationalen-pflegekraefte-sind-angekommen\/\" class=\"read-more\">Read More<\/a>\n            <\/div>\n        <\/div>\n                <div class=\"post-item\">\n                        <div class=\"post-thumbnail\">\n                <a href=\"https:\/\/destinationgermany.de\/en\/drei-neue-pflege-azubis-starten-ihre-zukunft-in-deutschland-ein-herzlicher-empfang-am-flughafen-zuerich\/\">\n                    <img decoding=\"async\" width=\"2560\" height=\"1440\" src=\"https:\/\/destinationgermany.de\/wp-content\/uploads\/2025\/06\/UKF-July-2025-Intake-scaled.jpg\" class=\"attachment-post-thumbnail size-post-thumbnail wp-post-image\" alt=\"\" srcset=\"https:\/\/destinationgermany.de\/wp-content\/uploads\/2025\/06\/UKF-July-2025-Intake-scaled.jpg 2560w, https:\/\/destinationgermany.de\/wp-content\/uploads\/2025\/06\/UKF-July-2025-Intake-300x169.jpg 300w, https:\/\/destinationgermany.de\/wp-content\/uploads\/2025\/06\/UKF-July-2025-Intake-1024x576.jpg 1024w, https:\/\/destinationgermany.de\/wp-content\/uploads\/2025\/06\/UKF-July-2025-Intake-768x432.jpg 768w, https:\/\/destinationgermany.de\/wp-content\/uploads\/2025\/06\/UKF-July-2025-Intake-1536x864.jpg 1536w, https:\/\/destinationgermany.de\/wp-content\/uploads\/2025\/06\/UKF-July-2025-Intake-2048x1152.jpg 2048w, https:\/\/destinationgermany.de\/wp-content\/uploads\/2025\/06\/UKF-July-2025-Intake-18x10.jpg 18w\" sizes=\"(max-width: 2560px) 100vw, 2560px\" \/>                    <div class=\"standard-post-date span-head\">\n                        2025-06-30                    <\/div>\n                <\/a>\n            <\/div>\n                        <div class=\"post-content\">\n                                <div class=\"the-category\">\n                    <a href=\"https:\/\/destinationgermany.de\/en\/category\/companies-blog\/\" rel=\"category tag\">Companies<\/a>,<a href=\"https:\/\/destinationgermany.de\/en\/category\/companies-blog\/pflege\/\" rel=\"category tag\">Pflege<\/a>                <\/div>\n                <h3 class=\"post-title\"><a href=\"https:\/\/destinationgermany.de\/en\/drei-neue-pflege-azubis-starten-ihre-zukunft-in-deutschland-ein-herzlicher-empfang-am-flughafen-zuerich\/\">Drei neue Pflege-Azubis starten ihre Zukunft in Deutschland \u2013 ein herzlicher Empfang am Flughafen Z\u00fcrich<\/a><\/h3>\n                <div class=\"post-text excerpt\">\n                    <p>Deutschland hat nicht genug Krankenschwestern und Krankenpfleger! Eine L\u00f6sung, die immer mehr Aufmerksamkeit bekommt, ist die Rekrutierung...<\/p>\n                <\/div>\n                <a href=\"https:\/\/destinationgermany.de\/en\/drei-neue-pflege-azubis-starten-ihre-zukunft-in-deutschland-ein-herzlicher-empfang-am-flughafen-zuerich\/\" class=\"read-more\">Read More<\/a>\n            <\/div>\n        <\/div>\n                    <\/div>\n    <div class=\"navigation-paging page-nav-blog-loop pagination-num clearfix\"><div class=\"container\"><div class=\"row\"><span class=\"index-of-page\">17 items  <\/span><a class=\"disabled\" href=\"https:\/\/destinationgermany.de\/en\/wp-json\/wp\/v2\/pages\/553\/\">&lsaquo;&lsaquo;<\/a><a class=\"disabled\" href=\"https:\/\/destinationgermany.de\/en\/wp-json\/wp\/v2\/pages\/553\/\">&lsaquo;<\/a><span class='btn current'>1<\/span><span class=\"index-of-page\"> of  3<\/span><a class=\"enabled\" href=\"https:\/\/destinationgermany.de\/en\/wp-json\/wp\/v2\/pages\/553\/page\/2\/\">&rsaquo;<\/a><a class=\"enabled\" href=\"https:\/\/destinationgermany.de\/en\/wp-json\/wp\/v2\/pages\/553\/page\/3\/\">&rsaquo;&rsaquo;<\/a><\/div><\/div><\/div><\/div>\n\n<script>\njQuery(document).ready(function(){\n    var jQuerygridMain = jQuery('.post-inner-wrap').imagesLoaded( function() {\n        \/\/ init Masonry after all images have loaded\n\/\/         jQuerygridMain.masonry({\n\/\/             transitionDuration: '0.65s',\n\/\/             initLayout: true,\n\/\/             columnWidth: '.post-item',\n\/\/             itemSelector: '.post-item',\n\/\/ \t\t\tlayoutMode: 'fitRows',\n\/\/         });\n    });\n});\n<\/script>\t\t\t\t<\/div>\n\t\t\t\t<\/div>\n\t\t\t\t\t<\/div>\n\t\t<\/div>\n\t\t\t\t\t<\/div>\n\t\t<\/section>\n\t\t\t\t<\/div>","protected":false},"excerpt":{"rendered":"<p>Destination Germany Blog Erkunden Sie in unseren Blogartikeln und genie\u00dfen Sie es, die Themen aus einer neuen Perspektive zu betrachten, die Ihnen dabei helfen wird, in die Zeit zur\u00fcckzukehren, in der Sie genug Bewerber f\u00fcr Ihre offenen Stellen hatten. Linkedin Instagram Youtube<\/p>","protected":false},"author":1,"featured_media":0,"parent":0,"menu_order":0,"comment_status":"closed","ping_status":"closed","template":"elementor_header_footer","meta":{"content-type":"","inline_featured_image":false,"footnotes":""},"class_list":["post-553","page","type-page","status-publish","hentry"],"acf":[],"_links":{"self":[{"href":"https:\/\/destinationgermany.de\/en\/wp-json\/wp\/v2\/pages\/553","targetHints":{"allow":["GET"]}}],"collection":[{"href":"https:\/\/destinationgermany.de\/en\/wp-json\/wp\/v2\/pages"}],"about":[{"href":"https:\/\/destinationgermany.de\/en\/wp-json\/wp\/v2\/types\/page"}],"author":[{"embeddable":true,"href":"https:\/\/destinationgermany.de\/en\/wp-json\/wp\/v2\/users\/1"}],"replies":[{"embeddable":true,"href":"https:\/\/destinationgermany.de\/en\/wp-json\/wp\/v2\/comments?post=553"}],"version-history":[{"count":19,"href":"https:\/\/destinationgermany.de\/en\/wp-json\/wp\/v2\/pages\/553\/revisions"}],"predecessor-version":[{"id":4118,"href":"https:\/\/destinationgermany.de\/en\/wp-json\/wp\/v2\/pages\/553\/revisions\/4118"}],"wp:attachment":[{"href":"https:\/\/destinationgermany.de\/en\/wp-json\/wp\/v2\/media?parent=553"}],"curies":[{"name":"wp","href":"https:\/\/api.w.org\/{rel}","templated":true}]}}