{"id":3814,"date":"2024-08-20T17:23:19","date_gmt":"2024-08-20T15:23:19","guid":{"rendered":"https:\/\/destinationgermany.de\/?page_id=3814"},"modified":"2024-08-20T18:28:22","modified_gmt":"2024-08-20T16:28:22","slug":"success-story-koch","status":"publish","type":"page","link":"https:\/\/destinationgermany.de\/en\/success-story-koch\/","title":{"rendered":"Success Story KOCH"},"content":{"rendered":"<div data-elementor-type=\"wp-page\" data-elementor-id=\"3814\" class=\"elementor elementor-3814\" data-elementor-post-type=\"page\">\n\t\t\t\t\t\t<section class=\"elementor-section elementor-top-section elementor-element elementor-element-864ca82 elementor-section-full_width elementor-section-height-default elementor-section-height-default\" data-id=\"864ca82\" data-element_type=\"section\" data-settings=\"{&quot;jet_parallax_layout_list&quot;:[]}\">\n\t\t\t\t\t\t<div class=\"elementor-container elementor-column-gap-no\">\n\t\t\t\t\t<div class=\"elementor-column elementor-col-100 elementor-top-column elementor-element elementor-element-b335105\" data-id=\"b335105\" data-element_type=\"column\" data-settings=\"{&quot;background_background&quot;:&quot;classic&quot;}\">\n\t\t\t<div class=\"elementor-widget-wrap elementor-element-populated\">\n\t\t\t\t\t\t<div class=\"elementor-element elementor-element-0e35807 elementor-widget elementor-widget-spacer\" data-id=\"0e35807\" data-element_type=\"widget\" data-widget_type=\"spacer.default\">\n\t\t\t\t<div class=\"elementor-widget-container\">\n\t\t\t\t\t\t\t<div class=\"elementor-spacer\">\n\t\t\t<div class=\"elementor-spacer-inner\"><\/div>\n\t\t<\/div>\n\t\t\t\t\t\t<\/div>\n\t\t\t\t<\/div>\n\t\t\t\t\t<\/div>\n\t\t<\/div>\n\t\t\t\t\t<\/div>\n\t\t<\/section>\n\t\t\t\t<section class=\"elementor-section elementor-top-section elementor-element elementor-element-a2a75e3 elementor-reverse-tablet elementor-reverse-mobile elementor-section-full_width elementor-section-height-default elementor-section-height-default\" data-id=\"a2a75e3\" data-element_type=\"section\" data-settings=\"{&quot;jet_parallax_layout_list&quot;:[]}\">\n\t\t\t\t\t\t<div class=\"elementor-container elementor-column-gap-no\">\n\t\t\t\t\t<div class=\"elementor-column elementor-col-100 elementor-top-column elementor-element elementor-element-7d8d7e5d\" data-id=\"7d8d7e5d\" data-element_type=\"column\" data-settings=\"{&quot;background_background&quot;:&quot;classic&quot;}\">\n\t\t\t<div class=\"elementor-widget-wrap elementor-element-populated\">\n\t\t\t\t\t\t<section class=\"elementor-section elementor-inner-section elementor-element elementor-element-1934b05 elementor-section-boxed elementor-section-height-default elementor-section-height-default\" data-id=\"1934b05\" data-element_type=\"section\" data-settings=\"{&quot;jet_parallax_layout_list&quot;:[]}\">\n\t\t\t\t\t\t<div class=\"elementor-container elementor-column-gap-no\">\n\t\t\t\t\t<div class=\"elementor-column elementor-col-100 elementor-inner-column elementor-element elementor-element-876ed0e\" data-id=\"876ed0e\" data-element_type=\"column\">\n\t\t\t<div class=\"elementor-widget-wrap elementor-element-populated\">\n\t\t\t\t\t\t<div class=\"elementor-element elementor-element-469509ec elementor-invisible elementor-widget elementor-widget-heading\" data-id=\"469509ec\" data-element_type=\"widget\" data-settings=\"{&quot;_animation&quot;:&quot;fadeInUp&quot;,&quot;_animation_delay&quot;:200}\" data-widget_type=\"heading.default\">\n\t\t\t\t<div class=\"elementor-widget-container\">\n\t\t\t\t\t<h2 class=\"elementor-heading-title elementor-size-default\">Destination Germany unterst\u00fctzt <span style=\"color:#41A7E4\">KOCH Freiburg<\/span> erfolgreich bei der Personalbeschaffung<\/h2>\t\t\t\t<\/div>\n\t\t\t\t<\/div>\n\t\t\t\t<div class=\"elementor-element elementor-element-ad23743 elementor-invisible elementor-widget elementor-widget-text-editor\" data-id=\"ad23743\" data-element_type=\"widget\" data-settings=\"{&quot;_animation&quot;:&quot;fadeInUp&quot;,&quot;_animation_delay&quot;:400}\" data-widget_type=\"text-editor.default\">\n\t\t\t\t<div class=\"elementor-widget-container\">\n\t\t\t\t\t\t\t\t\t<p>In einer Zeit, in der qualifizierte Fachkr\u00e4fte auf dem Arbeitsmarkt zunehmend rar werden, stehen auch innovative Unternehmen wie Koch Freiburg vor der Herausforderung, offene Stellen effektiv und zeitnah zu besetzen. Das Unternehmen, spezialisiert auf T\u00fcr- und Zutrittsl\u00f6sungen, suchte nach geeignetem Personal, um seinen Wachstumskurs fortzusetzen.<\/p><p><strong>Herausforderung: Besetzung von Schl\u00fcsselpositionen im technischen Bereich<\/strong><br \/>Koch Freiburg ben\u00f6tigte dringend drei Service Techniker sowie einen Data Manager f\u00fcr den Standort Freiburg im Breisgau. Diese Positionen waren essenziell, um den hohen Qualit\u00e4tsstandard und die Effizienz der angebotenen Dienstleistungen weiterhin zu gew\u00e4hrleisten. Trotz der attraktiven Lage und der starken Unternehmensmarke erwies sich die Suche nach qualifizierten Kandidaten als schwierig.<\/p>\t\t\t\t\t\t\t\t<\/div>\n\t\t\t\t<\/div>\n\t\t\t\t\t<\/div>\n\t\t<\/div>\n\t\t\t\t\t<\/div>\n\t\t<\/section>\n\t\t\t\t\t<\/div>\n\t\t<\/div>\n\t\t\t\t\t<\/div>\n\t\t<\/section>\n\t\t\t\t<section class=\"elementor-section elementor-top-section elementor-element elementor-element-5858a480 elementor-section-full_width elementor-section-height-default elementor-section-height-default\" data-id=\"5858a480\" data-element_type=\"section\" data-settings=\"{&quot;jet_parallax_layout_list&quot;:[]}\">\n\t\t\t\t\t\t<div class=\"elementor-container elementor-column-gap-no\">\n\t\t\t\t\t<div class=\"elementor-column elementor-col-50 elementor-top-column elementor-element elementor-element-3a0b27e5 animated-slow elementor-invisible\" data-id=\"3a0b27e5\" data-element_type=\"column\" data-settings=\"{&quot;background_background&quot;:&quot;classic&quot;,&quot;animation&quot;:&quot;fadeIn&quot;}\">\n\t\t\t<div class=\"elementor-widget-wrap elementor-element-populated\">\n\t\t\t\t\t\t<div class=\"elementor-element elementor-element-4fbbb0b5 elementor-widget elementor-widget-spacer\" data-id=\"4fbbb0b5\" data-element_type=\"widget\" data-widget_type=\"spacer.default\">\n\t\t\t\t<div class=\"elementor-widget-container\">\n\t\t\t\t\t\t\t<div class=\"elementor-spacer\">\n\t\t\t<div class=\"elementor-spacer-inner\"><\/div>\n\t\t<\/div>\n\t\t\t\t\t\t<\/div>\n\t\t\t\t<\/div>\n\t\t\t\t\t<\/div>\n\t\t<\/div>\n\t\t\t\t<div class=\"elementor-column elementor-col-50 elementor-top-column elementor-element elementor-element-5c04ca8c\" data-id=\"5c04ca8c\" data-element_type=\"column\">\n\t\t\t<div class=\"elementor-widget-wrap elementor-element-populated\">\n\t\t\t\t\t\t<section class=\"elementor-section elementor-inner-section elementor-element elementor-element-399088a8 elementor-section-boxed elementor-section-height-default elementor-section-height-default\" data-id=\"399088a8\" data-element_type=\"section\" data-settings=\"{&quot;jet_parallax_layout_list&quot;:[]}\">\n\t\t\t\t\t\t<div class=\"elementor-container elementor-column-gap-no\">\n\t\t\t\t\t<div class=\"elementor-column elementor-col-100 elementor-inner-column elementor-element elementor-element-12a7b6c7\" data-id=\"12a7b6c7\" data-element_type=\"column\">\n\t\t\t<div class=\"elementor-widget-wrap elementor-element-populated\">\n\t\t\t\t\t\t<div class=\"elementor-element elementor-element-7d2168c9 elementor-widget__width-initial elementor-widget-tablet__width-inherit elementor-invisible elementor-widget elementor-widget-heading\" data-id=\"7d2168c9\" data-element_type=\"widget\" data-settings=\"{&quot;_animation&quot;:&quot;fadeInUp&quot;,&quot;_animation_delay&quot;:400}\" data-widget_type=\"heading.default\">\n\t\t\t\t<div class=\"elementor-widget-container\">\n\t\t\t\t\t<h2 class=\"elementor-heading-title elementor-size-default\">Effektive Unterst\u00fctzung durch Destination Germany<\/h2>\t\t\t\t<\/div>\n\t\t\t\t<\/div>\n\t\t\t\t\t<\/div>\n\t\t<\/div>\n\t\t\t\t\t<\/div>\n\t\t<\/section>\n\t\t\t\t<div class=\"elementor-element elementor-element-1c2623ac elementor-widget__width-initial elementor-widget-tablet__width-inherit elementor-invisible elementor-widget elementor-widget-text-editor\" data-id=\"1c2623ac\" data-element_type=\"widget\" data-settings=\"{&quot;_animation&quot;:&quot;fadeInUp&quot;,&quot;_animation_delay&quot;:600}\" data-widget_type=\"text-editor.default\">\n\t\t\t\t<div class=\"elementor-widget-container\">\n\t\t\t\t\t\t\t\t\t<p>Um diesen Engpass zu \u00fcberwinden, entschied sich Koch Freiburg, die Dienste von Destination Germany in Anspruch zu nehmen. Die Personalvermittlungsagentur aus Freiburg, bekannt f\u00fcr ihre Expertise im weltweiten Recruiting, hat es sich zur Aufgabe gemacht, durch den gezielten Einsatz digitaler Rekrutierungsmethoden die besten Talente zu finden und zu vermitteln.<\/p>\t\t\t\t\t\t\t\t<\/div>\n\t\t\t\t<\/div>\n\t\t\t\t\t<\/div>\n\t\t<\/div>\n\t\t\t\t\t<\/div>\n\t\t<\/section>\n\t\t\t\t<section class=\"elementor-section elementor-top-section elementor-element elementor-element-417908e9 elementor-section-full_width elementor-section-height-default elementor-section-height-default\" data-id=\"417908e9\" data-element_type=\"section\" data-settings=\"{&quot;jet_parallax_layout_list&quot;:[]}\">\n\t\t\t\t\t\t<div class=\"elementor-container elementor-column-gap-no\">\n\t\t\t\t\t<div class=\"elementor-column elementor-col-100 elementor-top-column elementor-element elementor-element-235bf9b1\" data-id=\"235bf9b1\" data-element_type=\"column\">\n\t\t\t<div class=\"elementor-widget-wrap elementor-element-populated\">\n\t\t\t\t\t\t<section class=\"elementor-section elementor-inner-section elementor-element elementor-element-56a35e79 elementor-section-full_width elementor-section-height-default elementor-section-height-default\" data-id=\"56a35e79\" data-element_type=\"section\" data-settings=\"{&quot;background_background&quot;:&quot;classic&quot;,&quot;jet_parallax_layout_list&quot;:[]}\">\n\t\t\t\t\t\t\t<div class=\"elementor-background-overlay\"><\/div>\n\t\t\t\t\t\t\t<div class=\"elementor-container elementor-column-gap-no\">\n\t\t\t\t\t<div class=\"elementor-column elementor-col-50 elementor-inner-column elementor-element elementor-element-1b8c5be5\" data-id=\"1b8c5be5\" data-element_type=\"column\">\n\t\t\t<div class=\"elementor-widget-wrap elementor-element-populated\">\n\t\t\t\t\t\t<div class=\"elementor-element elementor-element-5d6114d8 elementor-hidden-tablet elementor-hidden-mobile elementor-widget__width-initial elementor-hidden-widescreen elementor-hidden-desktop elementor-hidden-laptop elementor-invisible elementor-widget elementor-widget-heading\" data-id=\"5d6114d8\" data-element_type=\"widget\" data-settings=\"{&quot;_animation&quot;:&quot;fadeInUp&quot;}\" data-widget_type=\"heading.default\">\n\t\t\t\t<div class=\"elementor-widget-container\">\n\t\t\t\t\t<h2 class=\"elementor-heading-title elementor-size-default\">Effektive Unterst\u00fctzung durch Destination Germany<\/h2>\t\t\t\t<\/div>\n\t\t\t\t<\/div>\n\t\t\t\t<div class=\"elementor-element elementor-element-2b94b0b0 elementor-hidden-desktop elementor-invisible elementor-widget elementor-widget-heading\" data-id=\"2b94b0b0\" data-element_type=\"widget\" data-settings=\"{&quot;_animation&quot;:&quot;fadeInUp&quot;}\" data-widget_type=\"heading.default\">\n\t\t\t\t<div class=\"elementor-widget-container\">\n\t\t\t\t\t<h2 class=\"elementor-heading-title elementor-size-default\">Ma\u00dfgeschneiderte Recruiting-Strategie und umfassende Betreuung<\/h2>\t\t\t\t<\/div>\n\t\t\t\t<\/div>\n\t\t\t\t<div class=\"elementor-element elementor-element-118fff7c elementor-widget__width-initial elementor-invisible elementor-widget elementor-widget-text-editor\" data-id=\"118fff7c\" data-element_type=\"widget\" data-settings=\"{&quot;_animation&quot;:&quot;fadeInUp&quot;,&quot;_animation_delay&quot;:600}\" data-widget_type=\"text-editor.default\">\n\t\t\t\t<div class=\"elementor-widget-container\">\n\t\t\t\t\t\t\t\t\t<p>Der Ausgangspunkt f\u00fcr die Zusammenarbeit war ein intensives Intake-Meeting mit Peter Mei\u00dfner, dem Gesch\u00e4ftsf\u00fchrer bei Koch Freiburg. In diesem Gespr\u00e4ch wurden die spezifischen Anforderungen an die Service Techniker und den Data Manager sowie die besonderen Anreize f\u00fcr Bewerber herausgearbeitet. Anhand dieser Informationen entwickelte Destination Germany eine ma\u00dfgeschneiderte Recruiting-Kampagne, die die Zielgruppe direkt ansprach.<\/p>\t\t\t\t\t\t\t\t<\/div>\n\t\t\t\t<\/div>\n\t\t\t\t\t<\/div>\n\t\t<\/div>\n\t\t\t\t<div class=\"elementor-column elementor-col-50 elementor-inner-column elementor-element elementor-element-7268c110 elementor-hidden-tablet elementor-hidden-mobile\" data-id=\"7268c110\" data-element_type=\"column\">\n\t\t\t<div class=\"elementor-widget-wrap\">\n\t\t\t\t\t\t\t<\/div>\n\t\t<\/div>\n\t\t\t\t\t<\/div>\n\t\t<\/section>\n\t\t\t\t\t<\/div>\n\t\t<\/div>\n\t\t\t\t\t<\/div>\n\t\t<\/section>\n\t\t\t\t<section class=\"elementor-section elementor-top-section elementor-element elementor-element-4274cb9 elementor-section-boxed elementor-section-height-default elementor-section-height-default\" data-id=\"4274cb9\" data-element_type=\"section\" data-settings=\"{&quot;jet_parallax_layout_list&quot;:[]}\">\n\t\t\t\t\t\t<div class=\"elementor-container elementor-column-gap-no\">\n\t\t\t\t\t<div class=\"elementor-column elementor-col-50 elementor-top-column elementor-element elementor-element-6c9583f\" data-id=\"6c9583f\" data-element_type=\"column\">\n\t\t\t<div class=\"elementor-widget-wrap elementor-element-populated\">\n\t\t\t\t\t\t<div class=\"elementor-element elementor-element-2ffa81a elementor-invisible elementor-widget elementor-widget-image\" data-id=\"2ffa81a\" data-element_type=\"widget\" data-settings=\"{&quot;_animation&quot;:&quot;zoomIn&quot;}\" data-widget_type=\"image.default\">\n\t\t\t\t<div class=\"elementor-widget-container\">\n\t\t\t\t\t\t\t\t\t\t\t\t\t\t\t<img fetchpriority=\"high\" decoding=\"async\" width=\"635\" height=\"514\" src=\"https:\/\/destinationgermany.de\/wp-content\/uploads\/2024\/08\/KOCH-Mochup-Instagram-1.png\" class=\"attachment-full size-full wp-image-3824\" alt=\"\" srcset=\"https:\/\/destinationgermany.de\/wp-content\/uploads\/2024\/08\/KOCH-Mochup-Instagram-1.png 635w, https:\/\/destinationgermany.de\/wp-content\/uploads\/2024\/08\/KOCH-Mochup-Instagram-1-300x243.png 300w, https:\/\/destinationgermany.de\/wp-content\/uploads\/2024\/08\/KOCH-Mochup-Instagram-1-15x12.png 15w\" sizes=\"(max-width: 635px) 100vw, 635px\" \/>\t\t\t\t\t\t\t\t\t\t\t\t\t\t\t<\/div>\n\t\t\t\t<\/div>\n\t\t\t\t\t<\/div>\n\t\t<\/div>\n\t\t\t\t<div class=\"elementor-column elementor-col-50 elementor-top-column elementor-element elementor-element-13d65e3\" data-id=\"13d65e3\" data-element_type=\"column\">\n\t\t\t<div class=\"elementor-widget-wrap elementor-element-populated\">\n\t\t\t\t\t\t<div class=\"elementor-element elementor-element-4ba750e elementor-widget__width-initial elementor-widget-tablet__width-inherit elementor-invisible elementor-widget elementor-widget-heading\" data-id=\"4ba750e\" data-element_type=\"widget\" data-settings=\"{&quot;_animation&quot;:&quot;fadeInUp&quot;,&quot;_animation_delay&quot;:400}\" data-widget_type=\"heading.default\">\n\t\t\t\t<div class=\"elementor-widget-container\">\n\t\t\t\t\t<h2 class=\"elementor-heading-title elementor-size-default\">Performance Recruiting als Erfolgsschl\u00fcssel<\/h2>\t\t\t\t<\/div>\n\t\t\t\t<\/div>\n\t\t\t\t<div class=\"elementor-element elementor-element-7c67902 elementor-widget__width-inherit elementor-invisible elementor-widget elementor-widget-text-editor\" data-id=\"7c67902\" data-element_type=\"widget\" data-settings=\"{&quot;_animation&quot;:&quot;fadeInUp&quot;,&quot;_animation_delay&quot;:600}\" data-widget_type=\"text-editor.default\">\n\t\t\t\t<div class=\"elementor-widget-container\">\n\t\t\t\t\t\t\t\t\t<p>Mit einer gezielten Ansprache \u00fcber Social-Media-Kan\u00e4le und anderen digitalen Plattformen konnte Destination Germany eine breite Aufmerksamkeit f\u00fcr die offenen Stellen bei Koch Freiburg erzielen. Die Performance Recruiting-Methode erwies sich als \u00e4u\u00dferst effektiv, um auch passive Kandidaten zu erreichen, die nicht aktiv auf Jobsuche waren. Dies f\u00fchrte zu einer Vielzahl von Bewerbungen, aus denen die besten 27 Kandidaten f\u00fcr die jeweiligen Positionen ausgew\u00e4hlt und an Koch Freiburg gesendet wurden.<\/p>\t\t\t\t\t\t\t\t<\/div>\n\t\t\t\t<\/div>\n\t\t\t\t\t<\/div>\n\t\t<\/div>\n\t\t\t\t\t<\/div>\n\t\t<\/section>\n\t\t\t\t<section class=\"elementor-section elementor-top-section elementor-element elementor-element-b53492b animated-slow elementor-section-boxed elementor-section-height-default elementor-section-height-default elementor-invisible\" data-id=\"b53492b\" data-element_type=\"section\" data-settings=\"{&quot;animation&quot;:&quot;fadeIn&quot;,&quot;jet_parallax_layout_list&quot;:[]}\">\n\t\t\t\t\t\t<div class=\"elementor-container elementor-column-gap-no\">\n\t\t\t\t\t<div class=\"elementor-column elementor-col-100 elementor-top-column elementor-element elementor-element-1d84b1e\" data-id=\"1d84b1e\" data-element_type=\"column\" data-settings=\"{&quot;background_background&quot;:&quot;classic&quot;}\">\n\t\t\t<div class=\"elementor-widget-wrap elementor-element-populated\">\n\t\t\t\t\t<div class=\"elementor-background-overlay\"><\/div>\n\t\t\t\t\t\t<div class=\"elementor-element elementor-element-8094d55 elementor-widget__width-initial elementor-widget elementor-widget-heading\" data-id=\"8094d55\" data-element_type=\"widget\" data-widget_type=\"heading.default\">\n\t\t\t\t<div class=\"elementor-widget-container\">\n\t\t\t\t\t<h2 class=\"elementor-heading-title elementor-size-default\">Schnelle Besetzung und hohe Zufriedenheit<\/h2>\t\t\t\t<\/div>\n\t\t\t\t<\/div>\n\t\t\t\t\t<\/div>\n\t\t<\/div>\n\t\t\t\t\t<\/div>\n\t\t<\/section>\n\t\t\t\t<section class=\"elementor-section elementor-top-section elementor-element elementor-element-76e5b8b elementor-section-boxed elementor-section-height-default elementor-section-height-default\" data-id=\"76e5b8b\" data-element_type=\"section\" data-settings=\"{&quot;jet_parallax_layout_list&quot;:[]}\">\n\t\t\t\t\t\t<div class=\"elementor-container elementor-column-gap-no\">\n\t\t\t\t\t<div class=\"elementor-column elementor-col-100 elementor-top-column elementor-element elementor-element-d5b45e1\" data-id=\"d5b45e1\" data-element_type=\"column\">\n\t\t\t<div class=\"elementor-widget-wrap elementor-element-populated\">\n\t\t\t\t\t\t<div class=\"elementor-element elementor-element-cd52e81 animated-slow elementor-invisible elementor-widget elementor-widget-text-editor\" data-id=\"cd52e81\" data-element_type=\"widget\" data-settings=\"{&quot;_animation&quot;:&quot;fadeIn&quot;}\" data-widget_type=\"text-editor.default\">\n\t\t\t\t<div class=\"elementor-widget-container\">\n\t\t\t\t\t\t\t\t\t<p>Innerhalb von nur wenigen Monaten konnten alle vier offenen Stellen bei Koch Freiburg erfolgreich besetzt werden. Die schnelle und passgenaue Vermittlung der Fachkr\u00e4fte trug dazu bei, dass das Unternehmen seine Projekte planm\u00e4\u00dfig fortsetzen und sogar ausweiten konnte. Peter Mei\u00dfner zeigt sich \u00e4u\u00dferst zufrieden mit dem Ergebnis:\u00a0<\/p>\t\t\t\t\t\t\t\t<\/div>\n\t\t\t\t<\/div>\n\t\t\t\t<section class=\"elementor-section elementor-inner-section elementor-element elementor-element-e828d9e animated-slow elementor-section-boxed elementor-section-height-default elementor-section-height-default elementor-invisible\" data-id=\"e828d9e\" data-element_type=\"section\" data-settings=\"{&quot;background_background&quot;:&quot;classic&quot;,&quot;animation&quot;:&quot;fadeIn&quot;,&quot;jet_parallax_layout_list&quot;:[]}\">\n\t\t\t\t\t\t<div class=\"elementor-container elementor-column-gap-no\">\n\t\t\t\t\t<div class=\"elementor-column elementor-col-100 elementor-inner-column elementor-element elementor-element-1f1a6be\" data-id=\"1f1a6be\" data-element_type=\"column\">\n\t\t\t<div class=\"elementor-widget-wrap elementor-element-populated\">\n\t\t\t\t\t\t<div class=\"elementor-element elementor-element-74e9953 elementor-widget__width-initial elementor-widget-mobile__width-initial elementor-widget elementor-widget-image\" data-id=\"74e9953\" data-element_type=\"widget\" data-widget_type=\"image.default\">\n\t\t\t\t<div class=\"elementor-widget-container\">\n\t\t\t\t\t\t\t\t\t\t\t\t\t\t\t<img decoding=\"async\" width=\"182\" height=\"182\" src=\"https:\/\/destinationgermany.de\/wp-content\/uploads\/2024\/08\/Peter-M-KOCH.png\" class=\"attachment-large size-large wp-image-3823\" alt=\"\" srcset=\"https:\/\/destinationgermany.de\/wp-content\/uploads\/2024\/08\/Peter-M-KOCH.png 182w, https:\/\/destinationgermany.de\/wp-content\/uploads\/2024\/08\/Peter-M-KOCH-150x150.png 150w, https:\/\/destinationgermany.de\/wp-content\/uploads\/2024\/08\/Peter-M-KOCH-12x12.png 12w\" sizes=\"(max-width: 182px) 100vw, 182px\" \/>\t\t\t\t\t\t\t\t\t\t\t\t\t\t\t<\/div>\n\t\t\t\t<\/div>\n\t\t\t\t<div class=\"elementor-element elementor-element-8dfdf8f elementor-position-left elementor-widget__width-initial elementor-widget-mobile__width-inherit elementor-view-default elementor-mobile-position-top elementor-vertical-align-top elementor-widget elementor-widget-icon-box\" data-id=\"8dfdf8f\" data-element_type=\"widget\" data-widget_type=\"icon-box.default\">\n\t\t\t\t<div class=\"elementor-widget-container\">\n\t\t\t\t\t\t\t<div class=\"elementor-icon-box-wrapper\">\n\n\t\t\t\t\t\t<div class=\"elementor-icon-box-icon\">\n\t\t\t\t<span  class=\"elementor-icon\">\n\t\t\t\t<svg xmlns=\"http:\/\/www.w3.org\/2000\/svg\" width=\"49\" height=\"49\" viewbox=\"0 0 49 49\" fill=\"none\"><path d=\"M6.125 21.4378C6.125 25.3844 9.32429 28.5837 13.2708 28.5837L20.4167 35.7295V21.4378C20.4167 17.4913 17.2174 14.292 13.2708 14.292C9.32429 14.292 6.125 17.4913 6.125 21.4378Z\" stroke=\"#41A7E4\" stroke-width=\"3\" stroke-linejoin=\"round\"><\/path><path d=\"M26.5417 21.4378C26.5417 25.3844 29.741 28.5837 33.6876 28.5837L40.8334 35.7295V21.4378C40.8334 17.4913 37.6341 14.292 33.6876 14.292C29.741 14.292 26.5417 17.4913 26.5417 21.4378Z\" stroke=\"#41A7E4\" stroke-width=\"3\" stroke-linejoin=\"round\"><\/path><\/svg>\t\t\t\t<\/span>\n\t\t\t<\/div>\n\t\t\t\n\t\t\t\t\t\t<div class=\"elementor-icon-box-content\">\n\n\t\t\t\t\t\t\t\t\t<h3 class=\"elementor-icon-box-title\">\n\t\t\t\t\t\t<span  >\n\t\t\t\t\t\t\t\u201eDestination Germany hat uns hervorragend bei der Besetzung unserer Schl\u00fcsselpositionen unterst\u00fctzt. Die professionelle und zielgerichtete Vorgehensweise hat uns \u00fcberzeugt und daf\u00fcr gesorgt, dass wir genau die Mitarbeiter gefunden haben, die wir ben\u00f6tigten.\u201c zeigt sich Gesch\u00e4ftsf\u00fchrer Peter Mei\u00dfner mehr als zufrieden.\t\t\t\t\t\t<\/span>\n\t\t\t\t\t<\/h3>\n\t\t\t\t\n\t\t\t\t\n\t\t\t<\/div>\n\t\t\t\n\t\t<\/div>\n\t\t\t\t\t\t<\/div>\n\t\t\t\t<\/div>\n\t\t\t\t\t<\/div>\n\t\t<\/div>\n\t\t\t\t\t<\/div>\n\t\t<\/section>\n\t\t\t\t<div class=\"elementor-element elementor-element-177f35b animated-slow elementor-invisible elementor-widget elementor-widget-text-editor\" data-id=\"177f35b\" data-element_type=\"widget\" data-settings=\"{&quot;_animation&quot;:&quot;fadeIn&quot;}\" data-widget_type=\"text-editor.default\">\n\t\t\t\t<div class=\"elementor-widget-container\">\n\t\t\t\t\t\t\t\t\t<p>Dank der erfolgreichen Zusammenarbeit mit Destination Germany ist Koch Freiburg nun bestens ger\u00fcstet, um weiterhin auf h\u00f6chstem Niveau zu operieren und seinen Wachstumskurs fortzusetzen. Die neuen Mitarbeiter haben sich bereits erfolgreich in ihre Aufgaben integriert und tragen ma\u00dfgeblich zum Unternehmenserfolg bei.<\/p>\t\t\t\t\t\t\t\t<\/div>\n\t\t\t\t<\/div>\n\t\t\t\t<div class=\"elementor-element elementor-element-1d042e9 animated-slow elementor-invisible elementor-widget elementor-widget-text-editor\" data-id=\"1d042e9\" data-element_type=\"widget\" data-settings=\"{&quot;_animation&quot;:&quot;fadeIn&quot;}\" data-widget_type=\"text-editor.default\">\n\t\t\t\t<div class=\"elementor-widget-container\">\n\t\t\t\t\t\t\t\t\t<p><strong>Anmerkung:<\/strong> <em>Aus Gr\u00fcnden der besseren Lesbarkeit wird auf die gleichzeitige Verwendung der Sprachformen m\u00e4nnlich, weiblich und divers (m\/w\/d) verzichtet. S\u00e4mtliche Personenbezeichnungen gelten gleicherma\u00dfen f\u00fcr alle Geschlechter.<\/em><\/p>\t\t\t\t\t\t\t\t<\/div>\n\t\t\t\t<\/div>\n\t\t\t\t\t<\/div>\n\t\t<\/div>\n\t\t\t\t\t<\/div>\n\t\t<\/section>\n\t\t\t\t<\/div>","protected":false},"excerpt":{"rendered":"<p>Destination Germany unterst\u00fctzt KOCH Freiburg erfolgreich bei der Personalbeschaffung In einer Zeit, in der qualifizierte Fachkr\u00e4fte auf dem Arbeitsmarkt zunehmend rar werden, stehen auch innovative Unternehmen wie Koch Freiburg vor der Herausforderung, offene Stellen effektiv und zeitnah zu besetzen. Das Unternehmen, spezialisiert auf T\u00fcr- und Zutrittsl\u00f6sungen, suchte nach geeignetem Personal, um seinen Wachstumskurs fortzusetzen. Herausforderung: [&hellip;]<\/p>","protected":false},"author":2,"featured_media":0,"parent":0,"menu_order":0,"comment_status":"closed","ping_status":"closed","template":"elementor_header_footer","meta":{"content-type":"","inline_featured_image":false,"footnotes":""},"class_list":["post-3814","page","type-page","status-publish","hentry"],"acf":[],"_links":{"self":[{"href":"https:\/\/destinationgermany.de\/en\/wp-json\/wp\/v2\/pages\/3814","targetHints":{"allow":["GET"]}}],"collection":[{"href":"https:\/\/destinationgermany.de\/en\/wp-json\/wp\/v2\/pages"}],"about":[{"href":"https:\/\/destinationgermany.de\/en\/wp-json\/wp\/v2\/types\/page"}],"author":[{"embeddable":true,"href":"https:\/\/destinationgermany.de\/en\/wp-json\/wp\/v2\/users\/2"}],"replies":[{"embeddable":true,"href":"https:\/\/destinationgermany.de\/en\/wp-json\/wp\/v2\/comments?post=3814"}],"version-history":[{"count":20,"href":"https:\/\/destinationgermany.de\/en\/wp-json\/wp\/v2\/pages\/3814\/revisions"}],"predecessor-version":[{"id":3852,"href":"https:\/\/destinationgermany.de\/en\/wp-json\/wp\/v2\/pages\/3814\/revisions\/3852"}],"wp:attachment":[{"href":"https:\/\/destinationgermany.de\/en\/wp-json\/wp\/v2\/media?parent=3814"}],"curies":[{"name":"wp","href":"https:\/\/api.w.org\/{rel}","templated":true}]}}